{"id":1709,"date":"2025-11-06T09:08:37","date_gmt":"2025-11-06T09:08:37","guid":{"rendered":"https:\/\/latabernilla.es\/rechtliche-hinweise\/"},"modified":"2025-11-06T09:21:46","modified_gmt":"2025-11-06T09:21:46","slug":"rechtliche-hinweise","status":"publish","type":"page","link":"https:\/\/latabernilla.es\/de\/rechtliche-hinweise\/","title":{"rendered":"Rechtliche Hinweise"},"content":{"rendered":"\t\t<div data-elementor-type=\"wp-page\" data-elementor-id=\"1709\" class=\"elementor elementor-1709 elementor-1697\" data-elementor-post-type=\"page\">\n\t\t\t\t<div class=\"elementor-element elementor-element-6398ff8 e-flex e-con-boxed e-con e-parent\" data-id=\"6398ff8\" data-element_type=\"container\" data-e-type=\"container\">\n\t\t\t\t\t<div class=\"e-con-inner\">\n\t\t\t\t<div class=\"elementor-element elementor-element-32e35c7 elementor-widget elementor-widget-text-editor\" data-id=\"32e35c7\" data-element_type=\"widget\" data-e-type=\"widget\" data-widget_type=\"text-editor.default\">\n\t\t\t\t\t\t\t\t\t<div id=\"content\" class=\"site-content \"><div class=\"elementor elementor-3992\" data-elementor-type=\"wp-page\" data-elementor-id=\"3992\" data-elementor-post-type=\"page\"><section class=\"elementor-section elementor-top-section elementor-element elementor-element-f7c78a0 elementor-section-boxed elementor-section-height-default elementor-section-height-default\" data-id=\"f7c78a0\" data-element_type=\"section\" data-settings=\"{\"jet_parallax_layout_list\":[]}\"><div class=\"elementor-container elementor-column-gap-default\"><div class=\"elementor-column elementor-col-100 elementor-top-column elementor-element elementor-element-0914c2a\" data-id=\"0914c2a\" data-element_type=\"column\"><div class=\"elementor-widget-wrap elementor-element-populated\"><div class=\"elementor-element elementor-element-62e9fb1 elementor-widget elementor-widget-text-editor\" data-id=\"62e9fb1\" data-element_type=\"widget\" data-widget_type=\"text-editor.default\"><div class=\"elementor-widget-container\"><h3>1.- F\u00dcR DIESE WEBSITE VERANTWORTLICHES UNTERNEHMEN<\/h3><p>Diese Website eltabernillas.es ist Eigentum von TABERNA CALDERERIA S.L., mit Sitz in C\/ Calderer\u00eda, n\u00ba7, bajo, mit der Steuernummer B22440853, eingetragen im Handelsregister von Madrid.<\/p><h3>2.- ALLGEMEINE FRAGEN.<\/h3><p>Der Zugriff auf eltabernillas.es setzt die Lekt\u00fcre dieser Zugangs- und Nutzungsbedingungen sowie der \u00fcbrigen Hinweise und rechtlichen Hinweise auf dieser Website voraus.<\/p><p>Als Nutzer von eltabernillas.es gilt jede Person, die auf die Inhalte von eltabernillas.es zugreift.<\/p><p>Der Zugriff und die anschlie\u00dfende Nutzung dieser Website durch den Nutzer setzt dessen ausdr\u00fcckliche, vollst\u00e4ndige und vorbehaltlose Zustimmung zum gesamten Inhalt voraus. Wenn der Nutzer mit dem Inhalt dieser Navigations- und Nutzungsbedingungen nicht einverstanden ist, muss er eltabernillas.es verlassen. <\/p><p>Der Zugriff auf eltabernillas.es ist kostenlos und f\u00fcr die Anzeige ist keine vorherige Anmeldung oder Registrierung erforderlich.<\/p><p>Dieser rechtliche Hinweis ist f\u00fcr jeden Nutzer von eltabernillas.es verbindlich. Jede Nutzung von eltabernillas.es, die nicht den Bestimmungen dieser Zugangs- und Nutzungsbedingungen entspricht, ist ausdr\u00fccklich untersagt, wobei sich TABERNA CALDERERIA S.L. alle rechtlichen Schritte vorbeh\u00e4lt, die ihr gegebenenfalls zur Verf\u00fcgung stehen, um die entsprechenden Verantwortlichkeiten zu kl\u00e4ren, die sich aus der nicht konformen Nutzung dieser Bedingungen ergeben.<\/p><h3>3.- RECHTE UND PFLICHTEN VON www.eltabernillas.es.<\/h3><p>Die Nutzung der Informationen, die den Nutzern \u00fcber latasquita.es zur Verf\u00fcgung gestellt werden, erfolgt auf eigene Rechnung und Gefahr des Nutzers. TABERNA CALDERERIA S.L. \u00fcbernimmt keine Garantie f\u00fcr die Aktualit\u00e4t oder Eignung der bereitgestellten Informationen f\u00fcr den Zweck, den die Nutzer oder andere Personen damit verfolgen. <\/p><p>TABERNA CALDERERIA S.L. kann die Konfiguration und\/oder den Inhalt von eltabernillas.es und seine Bestimmungen jederzeit und einseitig \u00e4ndern, wenn sie dies f\u00fcr angemessen h\u00e4lt, und wird den Nutzer \u00fcber diese \u00c4nderung durch eine Ank\u00fcndigung auf eltabernillas.es informieren.<\/p><p>Im Falle von Wartungs-, Reparatur-, Aktualisierungs- oder Verbesserungsarbeiten an eltabernillas.es kann TABERNA CALDERERIA S.L. den Zugang zu latasquita.es vor\u00fcbergehend und ohne vorherige Ank\u00fcndigung aussetzen, wobei sie sich jedoch bem\u00fchen wird, die Nutzer davon in Kenntnis zu setzen, sofern die Umst\u00e4nde dies zulassen.<\/p><h3>4.- RECHTE UND PFLICHTEN DES NUTZERS.<\/h3><p>Der Nutzer muss latasquita.es jederzeit rechtm\u00e4\u00dfig und in \u00dcbereinstimmung mit den geltenden Gesetzen nutzen und die Rechte an geistigem und gewerblichem Eigentum von TABERNA CALDERERIA S.L. und\/oder Dritten respektieren.<br>Der Nutzer darf keine Handlungen vornehmen, die Sch\u00e4den oder Ver\u00e4nderungen an den Inhalten verursachen, das ordnungsgem\u00e4\u00dfe Funktionieren von latasquita.es behindern, technische Probleme jeglicher Art verursachen oder Elemente \u00fcbertragen, die geeignet sind, Computerviren zu enthalten oder eltabernillas.es ganz oder teilweise zu besch\u00e4digen, zu st\u00f6ren oder abzufangen. <\/p><p>V. beh\u00e4lt sich das Recht vor, alle Ma\u00dfnahmen zu ergreifen, die ihr gegebenenfalls zur Verf\u00fcgung stehen, um Nutzungen von latasquita.es zu verfolgen, die gegen die geltenden Gesetze versto\u00dfen und\/oder TABERNA CALDERERIA S.L. und\/oder ihren Mitarbeitern und\/oder Dritten Sch\u00e4den und\/oder Nachteile jeglicher Art zuf\u00fcgen.<\/p><h3>5.- GARANTIEN UND HAFTUNG F\u00dcR DEN BETRIEB VON www.eltabernillas.es<\/h3><p>TABERNA CALDERERIA S.L. \u00fcbernimmt keine Garantie f\u00fcr die Verf\u00fcgbarkeit und Kontinuit\u00e4t des Betriebs von latasquita.es und seiner Dienste. In jedem Fall wird TABERNA CALDERERIA S.L. alle Anstrengungen unternehmen, um die kontinuierliche Verf\u00fcgbarkeit von latasquita.es aufrechtzuerhalten.<\/p><p>TABERNA CALDERERIA S.L. kontrolliert oder garantiert nicht das Fehlen von Viren oder anderen Elementen in den Inhalten von latasquita.es, die Ver\u00e4nderungen am Computersystem (Software und Hardware) des Nutzers oder an den in seinem Computersystem gespeicherten elektronischen Dokumenten und Dateien verursachen k\u00f6nnen. TABERNA CALDERERIA S.L. \u00fcbernimmt keine Haftung f\u00fcr Sch\u00e4den und Nachteile jeglicher Art, die auf das Vorhandensein von Viren in den Inhalten zur\u00fcckzuf\u00fchren sind, die Ver\u00e4nderungen am Computersystem, an elektronischen Dokumenten, Dateien usw. verursachen k\u00f6nnen.<\/p><p>TABERNA CALDERERIA S.L. ist nicht verpflichtet und kontrolliert nicht die Nutzung von eltabernillas.es durch die Nutzer. Der Nutzer akzeptiert, dass latasquita.es von TABERNA CALDERERIA S.L. in gutem Glauben mit Informationen aus internen und externen Quellen erstellt und entwickelt wurde und den Nutzern in seinem aktuellen Zustand angeboten wird, wobei es Ungenauigkeiten oder Tippfehler enthalten kann. Daher ist TABERNA CALDERERIA S.L. nicht verantwortlich f\u00fcr das Fehlen von Nutzen oder falsche Erwartungen, die eltabernillas.es dem Nutzer w\u00e4hrend der Navigation auf latasquita.es vermitteln k\u00f6nnte.  <\/p><h3>6.- GEISTIGES EIGENTUM.<\/h3><p>Alle Rechte an geistigem Eigentum in Bezug auf das Design und den Inhalt von eltabernillas.es geh\u00f6ren TABERNA CALDERERIA S.L.<\/p><p>Die auf eltabernillas.es wiedergegebenen Marken, Logos und andere Kennzeichen sind entweder Eigentum von TABERNA CALDERERIA S.L. oder sie ist zur Aufnahme in eltabernillas.es berechtigt. Der Nutzer ist nur zur Ansicht und zum Herunterladen f\u00fcr den pers\u00f6nlichen und nicht-kommerziellen Gebrauch berechtigt und darf keines der oben genannten Elemente kopieren, ver\u00e4ndern, verteilen, \u00fcbertragen, reproduzieren, ver\u00f6ffentlichen, abtreten oder verkaufen oder neue Produkte oder Dienstleistungen erstellen, die von den erhaltenen Informationen abgeleitet sind.<\/p><p>TABERNA CALDERERIA S.L. wird jede Verletzung ihrer Rechte an geistigem und gewerblichem Eigentum verfolgen und beh\u00e4lt sich zu diesem Zweck die Aus\u00fcbung aller rechtlichen Schritte vor, die ihr gegebenenfalls zustehen, einschlie\u00dflich der Geltendmachung von Schadensersatzanspr\u00fcchen, um die Verantwortlichkeiten des Rechtsverletzers zu kl\u00e4ren.<\/p><h3>7.- DATENSCHUTZBESTIMMUNGEN.<\/h3><p>Informationen \u00fcber die Einhaltung der Datenschutzbestimmungen durch TABERNA CALDERERIA S.L. finden Sie in unserer Datenschutzerkl\u00e4rung.<\/p><h3>8.- LINKS ODER HYPERTEXT-VERKN\u00dcPFUNGEN.<\/h3><p>Es d\u00fcrfen keine Links von anderen Websites zu eltabernillas.es eingerichtet werden, ohne die vorherige und ausdr\u00fcckliche Zustimmung von TABERNA CALDERERIA S.L. F\u00fcr den Fall, dass latasquita.es Links oder Verkn\u00fcpfungen zu anderen Portalen oder Websites enth\u00e4lt, die nicht von TABERNA CALDERERIA S.L. verwaltet werden, erkl\u00e4rt dieses Unternehmen, dass es keinerlei Kontrolle \u00fcber diese Portale oder Websites aus\u00fcbt und nicht f\u00fcr deren Inhalt verantwortlich ist. Die von TABERNA CALDERERIA S.L. in latasquita.es eingef\u00fcgten Links werden ausschlie\u00dflich zu Informationszwecken angeboten, ohne jegliche Bewertung oder Verantwortung f\u00fcr die Inhalte, Eigent\u00fcmer, Dienstleistungen oder Produkte, die von diesen angeboten werden. In keinem Fall haftet TABERNA CALDERERIA S.L. f\u00fcr Sch\u00e4den, die durch die von Dritten erbrachten Dienstleistungen verursacht werden.<\/p><h3>9.- ANWENDBARES RECHT UND GERICHTSSTAND.<\/h3><p>Diese Nutzungs- und Navigationsbedingungen unterliegen spanischem Recht. F\u00fcr alle Streitigkeiten, die sich aus dem Bestehen oder dem Inhalt dieser Bedingungen oder aus den Beziehungen zwischen dem Nutzer und TABERNA CALDERERIA S.L. ergeben, unterwerfen sich beide Parteien unter ausdr\u00fccklichem Verzicht auf jeden anderen Gerichtsstand, der ihnen zustehen k\u00f6nnte, der ausschlie\u00dflichen Zust\u00e4ndigkeit der Gerichte von M\u00e1laga. <\/p><\/div><\/div><\/div><\/div><\/div><\/section><\/div><\/div><footer id=\"colophon\" class=\"site-footer \"><div class=\"elementor elementor-405 elementor-motion-effects-parent\" data-elementor-type=\"jet_footer\" data-elementor-id=\"405\" data-elementor-post-type=\"jet-theme-core\"><section class=\"elementor-section elementor-top-section elementor-element elementor-element-acbf59d elementor-section-full_width elementor-section-height-default elementor-section-height-default\" data-id=\"acbf59d\" data-element_type=\"section\" data-settings=\"{\"jet_parallax_layout_list\":[]}\"><div class=\"elementor-container elementor-column-gap-default\"><div class=\"elementor-column elementor-col-100 elementor-top-column elementor-element elementor-element-9b9161b\" data-id=\"9b9161b\" data-element_type=\"column\"><div class=\"elementor-widget-wrap elementor-element-populated\"><div class=\"elementor-element elementor-element-0dec6dd elementor-widget elementor-widget-image\" data-id=\"0dec6dd\" data-element_type=\"widget\" data-widget_type=\"image.default\"> <\/div><\/div><\/div><\/div><\/section><\/div><\/footer>\t\t\t\t\t\t\t\t<\/div>\n\t\t\t\t\t<\/div>\n\t\t\t\t<\/div>\n\t\t\t\t<\/div>\n\t\t","protected":false},"excerpt":{"rendered":"<p>1.- F\u00dcR DIESE WEBSITE VERANTWORTLICHES UNTERNEHMEN Diese Website eltabernillas.es ist Eigentum von TABERNA CALDERERIA S.L., mit Sitz in C\/ Calderer\u00eda, n\u00ba7, bajo, mit der Steuernummer B22440853, eingetragen im Handelsregister von Madrid. 2.- ALLGEMEINE FRAGEN. Der Zugriff auf eltabernillas.es setzt die Lekt\u00fcre dieser Zugangs- und Nutzungsbedingungen sowie der \u00fcbrigen Hinweise und rechtlichen Hinweise auf dieser Website [&hellip;]<\/p>\n","protected":false},"author":2,"featured_media":0,"parent":0,"menu_order":0,"comment_status":"closed","ping_status":"closed","template":"","meta":{"footnotes":""},"class_list":["post-1709","page","type-page","status-publish","hentry"],"_links":{"self":[{"href":"https:\/\/latabernilla.es\/de\/wp-json\/wp\/v2\/pages\/1709","targetHints":{"allow":["GET"]}}],"collection":[{"href":"https:\/\/latabernilla.es\/de\/wp-json\/wp\/v2\/pages"}],"about":[{"href":"https:\/\/latabernilla.es\/de\/wp-json\/wp\/v2\/types\/page"}],"author":[{"embeddable":true,"href":"https:\/\/latabernilla.es\/de\/wp-json\/wp\/v2\/users\/2"}],"replies":[{"embeddable":true,"href":"https:\/\/latabernilla.es\/de\/wp-json\/wp\/v2\/comments?post=1709"}],"version-history":[{"count":1,"href":"https:\/\/latabernilla.es\/de\/wp-json\/wp\/v2\/pages\/1709\/revisions"}],"predecessor-version":[{"id":1710,"href":"https:\/\/latabernilla.es\/de\/wp-json\/wp\/v2\/pages\/1709\/revisions\/1710"}],"wp:attachment":[{"href":"https:\/\/latabernilla.es\/de\/wp-json\/wp\/v2\/media?parent=1709"}],"curies":[{"name":"wp","href":"https:\/\/api.w.org\/{rel}","templated":true}]}}