{"id":1550,"date":"2025-10-06T10:26:05","date_gmt":"2025-10-06T10:26:05","guid":{"rendered":"https:\/\/latabernilla.es\/notre-histoire\/"},"modified":"2025-12-22T12:02:08","modified_gmt":"2025-12-22T12:02:08","slug":"notre-histoire","status":"publish","type":"page","link":"https:\/\/latabernilla.es\/fr\/notre-histoire\/","title":{"rendered":"Notre histoire"},"content":{"rendered":"\t\t<div data-elementor-type=\"wp-page\" data-elementor-id=\"1550\" class=\"elementor elementor-1550 elementor-62\" data-elementor-post-type=\"page\">\n\t\t\t\t<div class=\"elementor-element elementor-element-119df251 e-con-full e-flex e-con e-parent\" data-id=\"119df251\" data-element_type=\"container\" data-e-type=\"container\">\n\t\t<div class=\"elementor-element elementor-element-5ba0db00 e-con-full e-flex e-con e-child\" data-id=\"5ba0db00\" data-element_type=\"container\" data-e-type=\"container\">\n\t\t\t\t<div class=\"elementor-element elementor-element-3bd31bf1 elementor-widget elementor-widget-heading\" data-id=\"3bd31bf1\" data-element_type=\"widget\" data-e-type=\"widget\" data-settings=\"{&quot;sticky&quot;:&quot;top&quot;,&quot;sticky_parent&quot;:&quot;yes&quot;,&quot;sticky_on&quot;:[&quot;desktop&quot;,&quot;tablet&quot;,&quot;mobile&quot;],&quot;sticky_offset&quot;:0,&quot;sticky_effects_offset&quot;:0,&quot;sticky_anchor_link_offset&quot;:0}\" data-widget_type=\"heading.default\">\n\t\t\t\t\t<h1 class=\"elementor-heading-title elementor-size-default\">\u00e0 propos de nous<\/h1>\t\t\t\t<\/div>\n\t\t\t\t<\/div>\n\t\t\t\t<\/div>\n\t\t<div class=\"elementor-element elementor-element-731b595c e-flex e-con-boxed e-con e-parent\" data-id=\"731b595c\" data-element_type=\"container\" data-e-type=\"container\">\n\t\t\t\t\t<div class=\"e-con-inner\">\n\t\t\t\t<div class=\"elementor-element elementor-element-69048758 elementor-widget elementor-widget-text-editor\" data-id=\"69048758\" data-element_type=\"widget\" data-e-type=\"widget\" data-widget_type=\"text-editor.default\">\n\t\t\t\t\t\t\t\t\t<p>\u00c0 La Tabernilla, nous vous ouvrons les portes d&rsquo;un coin savoureux de la M\u00e9diterran\u00e9e, o\u00f9 chaque plat raconte une histoire de tradition, de proximit\u00e9 et de bon go\u00fbt. Ici, la cuisine authentique se m\u00eale \u00e0 l&rsquo;accueil familial pour que tu te sentes comme chez toi d\u00e8s la premi\u00e8re bouch\u00e9e.<\/p><p>Nous sommes n\u00e9s avec une id\u00e9e claire : profiter d&rsquo;un bon repas ne devrait pas d\u00e9pendre du porte-monnaie. C&rsquo;est pourquoi nous partageons notre passion pour la gastronomie avec tous ceux qui appr\u00e9cient la simplicit\u00e9, le go\u00fbt et le travail bien fait. <\/p>\t\t\t\t\t\t\t\t<\/div>\n\t\t\t\t\t<\/div>\n\t\t\t\t<\/div>\n\t\t<div class=\"elementor-element elementor-element-ef6bb92 e-con-full e-flex e-con e-parent\" data-id=\"ef6bb92\" data-element_type=\"container\" data-e-type=\"container\">\n\t\t\t\t<div class=\"elementor-element elementor-element-60b9bc2 elementor-widget elementor-widget-spacer\" data-id=\"60b9bc2\" data-element_type=\"widget\" data-e-type=\"widget\" data-widget_type=\"spacer.default\">\n\t\t\t\t\t\t\t<div class=\"elementor-spacer\">\n\t\t\t<div class=\"elementor-spacer-inner\"><\/div>\n\t\t<\/div>\n\t\t\t\t\t\t<\/div>\n\t\t\t\t<div class=\"elementor-element elementor-element-8452ad1 elementor--h-position-center elementor--v-position-middle elementor-arrows-position-inside elementor-pagination-position-inside elementor-widget elementor-widget-slides\" data-id=\"8452ad1\" data-element_type=\"widget\" data-e-type=\"widget\" data-settings=\"{&quot;navigation&quot;:&quot;both&quot;,&quot;autoplay&quot;:&quot;yes&quot;,&quot;pause_on_hover&quot;:&quot;yes&quot;,&quot;pause_on_interaction&quot;:&quot;yes&quot;,&quot;autoplay_speed&quot;:5000,&quot;infinite&quot;:&quot;yes&quot;,&quot;transition&quot;:&quot;slide&quot;,&quot;transition_speed&quot;:500}\" data-widget_type=\"slides.default\">\n\t\t\t\t\t\t\t\t\t\t<div class=\"elementor-slides-wrapper elementor-main-swiper swiper\" role=\"region\" aria-roledescription=\"carousel\" aria-label=\"Diapositivas\" dir=\"ltr\" data-animation=\"fadeInUp\">\n\t\t\t\t<div class=\"swiper-wrapper elementor-slides\">\n\t\t\t\t\t\t\t\t\t\t<div class=\"elementor-repeater-item-f7a6b78 swiper-slide\" role=\"group\" aria-roledescription=\"slide\"><div class=\"swiper-slide-bg elementor-ken-burns elementor-ken-burns--in\" role=\"img\" aria-label=\"EL TABERNILLAS (2027 sur 93)\"><\/div><div class=\"swiper-slide-inner\" ><div class=\"swiper-slide-contents\"><\/div><\/div><\/div><div class=\"elementor-repeater-item-b3c1318 swiper-slide\" role=\"group\" aria-roledescription=\"slide\"><div class=\"swiper-slide-bg elementor-ken-burns elementor-ken-burns--in\" role=\"img\" aria-label=\"EL TABERNILLAS (2030 sur 93)\"><\/div><div class=\"swiper-slide-inner\" ><div class=\"swiper-slide-contents\"><\/div><\/div><\/div>\t\t\t\t<\/div>\n\t\t\t\t\t\t\t\t\t\t\t\t\t\t\t<div class=\"elementor-swiper-button elementor-swiper-button-prev\" role=\"button\" tabindex=\"0\" aria-label=\"Diapositive pr\u00e9c\u00e9dente\">\n\t\t\t\t\t\t\t<svg aria-hidden=\"true\" class=\"e-font-icon-svg e-eicon-chevron-left\" viewBox=\"0 0 1000 1000\" xmlns=\"http:\/\/www.w3.org\/2000\/svg\"><path d=\"M646 125C629 125 613 133 604 142L308 442C296 454 292 471 292 487 292 504 296 521 308 533L604 854C617 867 629 875 646 875 663 875 679 871 692 858 704 846 713 829 713 812 713 796 708 779 692 767L438 487 692 225C700 217 708 204 708 187 708 171 704 154 692 142 675 129 663 125 646 125Z\"><\/path><\/svg>\t\t\t\t\t\t<\/div>\n\t\t\t\t\t\t<div class=\"elementor-swiper-button elementor-swiper-button-next\" role=\"button\" tabindex=\"0\" aria-label=\"Diapositive suivante\">\n\t\t\t\t\t\t\t<svg aria-hidden=\"true\" class=\"e-font-icon-svg e-eicon-chevron-right\" viewBox=\"0 0 1000 1000\" xmlns=\"http:\/\/www.w3.org\/2000\/svg\"><path d=\"M696 533C708 521 713 504 713 487 713 471 708 454 696 446L400 146C388 133 375 125 354 125 338 125 325 129 313 142 300 154 292 171 292 187 292 204 296 221 308 233L563 492 304 771C292 783 288 800 288 817 288 833 296 850 308 863 321 871 338 875 354 875 371 875 388 867 400 854L696 533Z\"><\/path><\/svg>\t\t\t\t\t\t<\/div>\n\t\t\t\t\t\t\t\t\t\t\t\t\t\t\t\t<div class=\"swiper-pagination\"><\/div>\n\t\t\t\t\t\t\t\t\t\t\t\t<\/div>\n\t\t\t\t\t\t\t\t<\/div>\n\t\t\t\t<\/div>\n\t\t<div class=\"elementor-element elementor-element-30c5d2f3 e-con-full e-flex e-con e-parent\" data-id=\"30c5d2f3\" data-element_type=\"container\" data-e-type=\"container\">\n\t\t<div class=\"elementor-element elementor-element-6383e407 e-con-full e-flex e-con e-child\" data-id=\"6383e407\" data-element_type=\"container\" data-e-type=\"container\">\n\t\t\t\t<div class=\"elementor-element elementor-element-8be55ca elementor-widget elementor-widget-heading\" data-id=\"8be55ca\" data-element_type=\"widget\" data-e-type=\"widget\" data-widget_type=\"heading.default\">\n\t\t\t\t\t<h2 class=\"elementor-heading-title elementor-size-default\">notre personnel vous souhaite la bienvenue<\/h2>\t\t\t\t<\/div>\n\t\t\t\t<\/div>\n\t\t<div class=\"elementor-element elementor-element-1b5a0f92 e-con-full e-flex e-con e-child\" data-id=\"1b5a0f92\" data-element_type=\"container\" data-e-type=\"container\">\n\t\t<div class=\"elementor-element elementor-element-18228fb0 e-con-full e-flex e-con e-child\" data-id=\"18228fb0\" data-element_type=\"container\" data-e-type=\"container\">\n\t\t\t\t<div class=\"elementor-element elementor-element-4b0dcd5c elementor-widget elementor-widget-heading\" data-id=\"4b0dcd5c\" data-element_type=\"widget\" data-e-type=\"widget\" data-widget_type=\"heading.default\">\n\t\t\t\t\t<h3 class=\"elementor-heading-title elementor-size-default\">Joseph Barnes<\/h3>\t\t\t\t<\/div>\n\t\t\t\t<div class=\"elementor-element elementor-element-2cdafef elementor-widget-divider--view-line elementor-widget elementor-widget-divider\" data-id=\"2cdafef\" data-element_type=\"widget\" data-e-type=\"widget\" data-widget_type=\"divider.default\">\n\t\t\t\t\t\t\t<div class=\"elementor-divider\">\n\t\t\t<span class=\"elementor-divider-separator\">\n\t\t\t\t\t\t<\/span>\n\t\t<\/div>\n\t\t\t\t\t\t<\/div>\n\t\t\t\t<div class=\"elementor-element elementor-element-4e5aef18 elementor-widget elementor-widget-image\" data-id=\"4e5aef18\" data-element_type=\"widget\" data-e-type=\"widget\" data-widget_type=\"image.default\">\n\t\t\t\t\t\t\t\t\t\t\t\t<figure class=\"wp-caption\">\n\t\t\t\t\t\t\t\t\t\t<img fetchpriority=\"high\" decoding=\"async\" width=\"1707\" height=\"2560\" src=\"https:\/\/latabernilla.es\/wp-content\/uploads\/2025\/10\/EL-TABERNILLAS-2085-of-95-scaled.jpg\" class=\"attachment-full size-full wp-image-1552\" alt=\"\" srcset=\"https:\/\/latabernilla.es\/wp-content\/uploads\/2025\/10\/EL-TABERNILLAS-2085-of-95-scaled.jpg 1707w, https:\/\/latabernilla.es\/wp-content\/uploads\/2025\/10\/EL-TABERNILLAS-2085-of-95-200x300.jpg 200w, https:\/\/latabernilla.es\/wp-content\/uploads\/2025\/10\/EL-TABERNILLAS-2085-of-95-683x1024.jpg 683w, https:\/\/latabernilla.es\/wp-content\/uploads\/2025\/10\/EL-TABERNILLAS-2085-of-95-768x1152.jpg 768w, https:\/\/latabernilla.es\/wp-content\/uploads\/2025\/10\/EL-TABERNILLAS-2085-of-95-1024x1536.jpg 1024w, https:\/\/latabernilla.es\/wp-content\/uploads\/2025\/10\/EL-TABERNILLAS-2085-of-95-1365x2048.jpg 1365w\" sizes=\"(max-width: 1707px) 100vw, 1707px\" \/>\t\t\t\t\t\t\t\t\t\t\t<figcaption class=\"widget-image-caption wp-caption-text\"><\/figcaption>\n\t\t\t\t\t\t\t\t\t\t<\/figure>\n\t\t\t\t\t\t\t\t\t<\/div>\n\t\t\t\t<\/div>\n\t\t<div class=\"elementor-element elementor-element-7421a7a4 e-con-full e-flex e-con e-child\" data-id=\"7421a7a4\" data-element_type=\"container\" data-e-type=\"container\">\n\t\t\t\t<div class=\"elementor-element elementor-element-5b44ad1b elementor-widget elementor-widget-heading\" data-id=\"5b44ad1b\" data-element_type=\"widget\" data-e-type=\"widget\" data-widget_type=\"heading.default\">\n\t\t\t\t\t<h3 class=\"elementor-heading-title elementor-size-default\">Earl Wood<\/h3>\t\t\t\t<\/div>\n\t\t\t\t<div class=\"elementor-element elementor-element-32da7c5 elementor-widget-divider--view-line elementor-widget elementor-widget-divider\" data-id=\"32da7c5\" data-element_type=\"widget\" data-e-type=\"widget\" data-widget_type=\"divider.default\">\n\t\t\t\t\t\t\t<div class=\"elementor-divider\">\n\t\t\t<span class=\"elementor-divider-separator\">\n\t\t\t\t\t\t<\/span>\n\t\t<\/div>\n\t\t\t\t\t\t<\/div>\n\t\t\t\t<div class=\"elementor-element elementor-element-58822345 elementor-widget elementor-widget-image\" data-id=\"58822345\" data-element_type=\"widget\" data-e-type=\"widget\" data-widget_type=\"image.default\">\n\t\t\t\t\t\t\t\t\t\t\t\t<figure class=\"wp-caption\">\n\t\t\t\t\t\t\t\t\t\t<img decoding=\"async\" width=\"683\" height=\"1024\" data-src=\"https:\/\/latabernilla.es\/wp-content\/uploads\/2025\/10\/EL-TABERNILLAS-2031-of-95-683x1024.jpg\" class=\"attachment-large size-large wp-image-1553 lazyload\" alt=\"\" data-srcset=\"https:\/\/latabernilla.es\/wp-content\/uploads\/2025\/10\/EL-TABERNILLAS-2031-of-95-683x1024.jpg 683w, https:\/\/latabernilla.es\/wp-content\/uploads\/2025\/10\/EL-TABERNILLAS-2031-of-95-200x300.jpg 200w, https:\/\/latabernilla.es\/wp-content\/uploads\/2025\/10\/EL-TABERNILLAS-2031-of-95-768x1152.jpg 768w, https:\/\/latabernilla.es\/wp-content\/uploads\/2025\/10\/EL-TABERNILLAS-2031-of-95-1024x1536.jpg 1024w, https:\/\/latabernilla.es\/wp-content\/uploads\/2025\/10\/EL-TABERNILLAS-2031-of-95-1365x2048.jpg 1365w, https:\/\/latabernilla.es\/wp-content\/uploads\/2025\/10\/EL-TABERNILLAS-2031-of-95-scaled.jpg 1707w\" data-sizes=\"(max-width: 683px) 100vw, 683px\" src=\"data:image\/svg+xml;base64,PHN2ZyB3aWR0aD0iMSIgaGVpZ2h0PSIxIiB4bWxucz0iaHR0cDovL3d3dy53My5vcmcvMjAwMC9zdmciPjwvc3ZnPg==\" style=\"--smush-placeholder-width: 683px; --smush-placeholder-aspect-ratio: 683\/1024;\" \/>\t\t\t\t\t\t\t\t\t\t\t<figcaption class=\"widget-image-caption wp-caption-text\"><\/figcaption>\n\t\t\t\t\t\t\t\t\t\t<\/figure>\n\t\t\t\t\t\t\t\t\t<\/div>\n\t\t\t\t<\/div>\n\t\t<div class=\"elementor-element elementor-element-77b6b860 e-con-full e-flex e-con e-child\" data-id=\"77b6b860\" data-element_type=\"container\" data-e-type=\"container\">\n\t\t\t\t<div class=\"elementor-element elementor-element-63fff71a elementor-widget elementor-widget-heading\" data-id=\"63fff71a\" data-element_type=\"widget\" data-e-type=\"widget\" data-widget_type=\"heading.default\">\n\t\t\t\t\t<h3 class=\"elementor-heading-title elementor-size-default\">Bobby Johnson<\/h3>\t\t\t\t<\/div>\n\t\t\t\t<div class=\"elementor-element elementor-element-2f4d75b0 elementor-widget-divider--view-line elementor-widget elementor-widget-divider\" data-id=\"2f4d75b0\" data-element_type=\"widget\" data-e-type=\"widget\" data-widget_type=\"divider.default\">\n\t\t\t\t\t\t\t<div class=\"elementor-divider\">\n\t\t\t<span class=\"elementor-divider-separator\">\n\t\t\t\t\t\t<\/span>\n\t\t<\/div>\n\t\t\t\t\t\t<\/div>\n\t\t\t\t<div class=\"elementor-element elementor-element-530c8205 elementor-widget elementor-widget-image\" data-id=\"530c8205\" data-element_type=\"widget\" data-e-type=\"widget\" data-widget_type=\"image.default\">\n\t\t\t\t\t\t\t\t\t\t\t\t<figure class=\"wp-caption\">\n\t\t\t\t\t\t\t\t\t\t<img decoding=\"async\" width=\"683\" height=\"1024\" data-src=\"https:\/\/latabernilla.es\/wp-content\/uploads\/2025\/10\/EL-TABERNILLAS-2105-of-95-683x1024.jpg\" class=\"attachment-large size-large wp-image-1551 lazyload\" alt=\"\" data-srcset=\"https:\/\/latabernilla.es\/wp-content\/uploads\/2025\/10\/EL-TABERNILLAS-2105-of-95-683x1024.jpg 683w, https:\/\/latabernilla.es\/wp-content\/uploads\/2025\/10\/EL-TABERNILLAS-2105-of-95-200x300.jpg 200w, https:\/\/latabernilla.es\/wp-content\/uploads\/2025\/10\/EL-TABERNILLAS-2105-of-95-768x1152.jpg 768w, https:\/\/latabernilla.es\/wp-content\/uploads\/2025\/10\/EL-TABERNILLAS-2105-of-95-1024x1536.jpg 1024w, https:\/\/latabernilla.es\/wp-content\/uploads\/2025\/10\/EL-TABERNILLAS-2105-of-95-1365x2048.jpg 1365w, https:\/\/latabernilla.es\/wp-content\/uploads\/2025\/10\/EL-TABERNILLAS-2105-of-95-scaled.jpg 1707w\" data-sizes=\"(max-width: 683px) 100vw, 683px\" src=\"data:image\/svg+xml;base64,PHN2ZyB3aWR0aD0iMSIgaGVpZ2h0PSIxIiB4bWxucz0iaHR0cDovL3d3dy53My5vcmcvMjAwMC9zdmciPjwvc3ZnPg==\" style=\"--smush-placeholder-width: 683px; --smush-placeholder-aspect-ratio: 683\/1024;\" \/>\t\t\t\t\t\t\t\t\t\t\t<figcaption class=\"widget-image-caption wp-caption-text\"><\/figcaption>\n\t\t\t\t\t\t\t\t\t\t<\/figure>\n\t\t\t\t\t\t\t\t\t<\/div>\n\t\t\t\t<\/div>\n\t\t<div class=\"elementor-element elementor-element-ad9ac88 e-con-full e-flex e-con e-child\" data-id=\"ad9ac88\" data-element_type=\"container\" data-e-type=\"container\">\n\t\t\t\t<div class=\"elementor-element elementor-element-3676fb95 elementor-widget elementor-widget-heading\" data-id=\"3676fb95\" data-element_type=\"widget\" data-e-type=\"widget\" data-widget_type=\"heading.default\">\n\t\t\t\t\t<h3 class=\"elementor-heading-title elementor-size-default\">Jane Morgan<\/h3>\t\t\t\t<\/div>\n\t\t\t\t<div class=\"elementor-element elementor-element-776ddb44 elementor-widget-divider--view-line elementor-widget elementor-widget-divider\" data-id=\"776ddb44\" data-element_type=\"widget\" data-e-type=\"widget\" data-widget_type=\"divider.default\">\n\t\t\t\t\t\t\t<div class=\"elementor-divider\">\n\t\t\t<span class=\"elementor-divider-separator\">\n\t\t\t\t\t\t<\/span>\n\t\t<\/div>\n\t\t\t\t\t\t<\/div>\n\t\t\t\t<div class=\"elementor-element elementor-element-1b0ddbed elementor-widget elementor-widget-image\" data-id=\"1b0ddbed\" data-element_type=\"widget\" data-e-type=\"widget\" data-widget_type=\"image.default\">\n\t\t\t\t\t\t\t\t\t\t\t\t<figure class=\"wp-caption\">\n\t\t\t\t\t\t\t\t\t\t<img decoding=\"async\" width=\"683\" height=\"1024\" data-src=\"https:\/\/latabernilla.es\/wp-content\/uploads\/2025\/10\/EL-TABERNILLAS-2086-of-93-683x1024.jpg\" class=\"attachment-large size-large wp-image-1556 lazyload\" alt=\"\" data-srcset=\"https:\/\/latabernilla.es\/wp-content\/uploads\/2025\/10\/EL-TABERNILLAS-2086-of-93-683x1024.jpg 683w, https:\/\/latabernilla.es\/wp-content\/uploads\/2025\/10\/EL-TABERNILLAS-2086-of-93-200x300.jpg 200w, https:\/\/latabernilla.es\/wp-content\/uploads\/2025\/10\/EL-TABERNILLAS-2086-of-93-768x1152.jpg 768w, https:\/\/latabernilla.es\/wp-content\/uploads\/2025\/10\/EL-TABERNILLAS-2086-of-93-1024x1536.jpg 1024w, https:\/\/latabernilla.es\/wp-content\/uploads\/2025\/10\/EL-TABERNILLAS-2086-of-93-1365x2048.jpg 1365w, https:\/\/latabernilla.es\/wp-content\/uploads\/2025\/10\/EL-TABERNILLAS-2086-of-93-scaled.jpg 1707w\" data-sizes=\"(max-width: 683px) 100vw, 683px\" src=\"data:image\/svg+xml;base64,PHN2ZyB3aWR0aD0iMSIgaGVpZ2h0PSIxIiB4bWxucz0iaHR0cDovL3d3dy53My5vcmcvMjAwMC9zdmciPjwvc3ZnPg==\" style=\"--smush-placeholder-width: 683px; --smush-placeholder-aspect-ratio: 683\/1024;\" \/>\t\t\t\t\t\t\t\t\t\t\t<figcaption class=\"widget-image-caption wp-caption-text\"><\/figcaption>\n\t\t\t\t\t\t\t\t\t\t<\/figure>\n\t\t\t\t\t\t\t\t\t<\/div>\n\t\t\t\t<\/div>\n\t\t\t\t<\/div>\n\t\t\t\t<\/div>\n\t\t\t\t<\/div>\n\t\t","protected":false},"excerpt":{"rendered":"<p>\u00e0 propos de nous \u00c0 La Tabernilla, nous vous ouvrons les portes d&rsquo;un coin savoureux de la M\u00e9diterran\u00e9e, o\u00f9 chaque plat raconte une histoire de tradition, de proximit\u00e9 et de bon go\u00fbt. Ici, la cuisine authentique se m\u00eale \u00e0 l&rsquo;accueil familial pour que tu te sentes comme chez toi d\u00e8s la premi\u00e8re bouch\u00e9e. Nous sommes [&hellip;]<\/p>\n","protected":false},"author":2,"featured_media":1557,"parent":0,"menu_order":0,"comment_status":"closed","ping_status":"closed","template":"elementor_header_footer","meta":{"footnotes":""},"class_list":["post-1550","page","type-page","status-publish","has-post-thumbnail","hentry"],"_links":{"self":[{"href":"https:\/\/latabernilla.es\/fr\/wp-json\/wp\/v2\/pages\/1550","targetHints":{"allow":["GET"]}}],"collection":[{"href":"https:\/\/latabernilla.es\/fr\/wp-json\/wp\/v2\/pages"}],"about":[{"href":"https:\/\/latabernilla.es\/fr\/wp-json\/wp\/v2\/types\/page"}],"author":[{"embeddable":true,"href":"https:\/\/latabernilla.es\/fr\/wp-json\/wp\/v2\/users\/2"}],"replies":[{"embeddable":true,"href":"https:\/\/latabernilla.es\/fr\/wp-json\/wp\/v2\/comments?post=1550"}],"version-history":[{"count":2,"href":"https:\/\/latabernilla.es\/fr\/wp-json\/wp\/v2\/pages\/1550\/revisions"}],"predecessor-version":[{"id":2334,"href":"https:\/\/latabernilla.es\/fr\/wp-json\/wp\/v2\/pages\/1550\/revisions\/2334"}],"wp:featuredmedia":[{"embeddable":true,"href":"https:\/\/latabernilla.es\/fr\/wp-json\/wp\/v2\/media\/1557"}],"wp:attachment":[{"href":"https:\/\/latabernilla.es\/fr\/wp-json\/wp\/v2\/media?parent=1550"}],"curies":[{"name":"wp","href":"https:\/\/api.w.org\/{rel}","templated":true}]}}