{"id":1711,"date":"2025-11-06T09:08:37","date_gmt":"2025-11-06T09:08:37","guid":{"rendered":"https:\/\/latabernilla.es\/mentions-legales\/"},"modified":"2025-11-06T09:21:46","modified_gmt":"2025-11-06T09:21:46","slug":"mentions-legales","status":"publish","type":"page","link":"https:\/\/latabernilla.es\/fr\/mentions-legales\/","title":{"rendered":"Mentions l\u00e9gales"},"content":{"rendered":"\t\t<div data-elementor-type=\"wp-page\" data-elementor-id=\"1711\" class=\"elementor elementor-1711 elementor-1697\" data-elementor-post-type=\"page\">\n\t\t\t\t<div class=\"elementor-element elementor-element-6398ff8 e-flex e-con-boxed e-con e-parent\" data-id=\"6398ff8\" data-element_type=\"container\" data-e-type=\"container\">\n\t\t\t\t\t<div class=\"e-con-inner\">\n\t\t\t\t<div class=\"elementor-element elementor-element-32e35c7 elementor-widget elementor-widget-text-editor\" data-id=\"32e35c7\" data-element_type=\"widget\" data-e-type=\"widget\" data-widget_type=\"text-editor.default\">\n\t\t\t\t\t\t\t\t\t<div id=\"content\" class=\"site-content \"><div class=\"elementor elementor-3992\" data-elementor-type=\"wp-page\" data-elementor-id=\"3992\" data-elementor-post-type=\"page\"><section class=\"elementor-section elementor-top-section elementor-element elementor-element-f7c78a0 elementor-section-boxed elementor-section-height-default elementor-section-height-default\" data-id=\"f7c78a0\" data-element_type=\"section\" data-settings=\"{\"jet_parallax_layout_list\":[]}\"><div class=\"elementor-container elementor-column-gap-default\"><div class=\"elementor-column elementor-col-100 elementor-top-column elementor-element elementor-element-0914c2a\" data-id=\"0914c2a\" data-element_type=\"column\"><div class=\"elementor-widget-wrap elementor-element-populated\"><div class=\"elementor-element elementor-element-62e9fb1 elementor-widget elementor-widget-text-editor\" data-id=\"62e9fb1\" data-element_type=\"widget\" data-widget_type=\"text-editor.default\"><div class=\"elementor-widget-container\"><h3>1.- ENTREPRISE TITULAIRE DU PR\u00c9SENT SITE WEB<\/h3><p>Le pr\u00e9sent site Web eltabernillas.es est la propri\u00e9t\u00e9 de TABERNA CALDERERIA S.L., domicili\u00e9e \u00e0 C\/ Calderer\u00eda, n\u00ba7, bajo, titulaire du NIF B22440853, inscrite au Registre du Commerce de Madrid.<\/p><h3>2.- QUESTIONS G\u00c9N\u00c9RALES.<\/h3><p>L&rsquo;acc\u00e8s \u00e0 eltabernillas.es est conditionn\u00e9 \u00e0 la lecture du pr\u00e9sent R\u00e8glement d&rsquo;acc\u00e8s et d&rsquo;utilisation et des autres mentions et avis l\u00e9gaux contenus dans le pr\u00e9sent site Web.<\/p><p>On entend par Utilisateur de eltabernillas.es toute personne qui acc\u00e8de au contenu de eltabernillas.es<\/p><p>L&rsquo;acc\u00e8s et l&rsquo;utilisation ult\u00e9rieure du pr\u00e9sent site Web par l&rsquo;Utilisateur impliqueront son accord de mani\u00e8re expresse, pleine et sans r\u00e9serves, avec la totalit\u00e9 de son contenu. Si l&rsquo;Utilisateur n&rsquo;est pas d&rsquo;accord avec le contenu du pr\u00e9sent R\u00e8glement de navigation et d&rsquo;utilisation, il devra quitter eltabernillas.es <\/p><p>L&rsquo;acc\u00e8s \u00e0 eltabernillas.es est gratuit et sa visualisation ne requiert aucune souscription ou inscription pr\u00e9alable.<\/p><p>Le pr\u00e9sent Avis L\u00e9gal est contraignant pour tout utilisateur de eltabernillas.es Toute utilisation de eltabernillas.es non soumise aux dispositions du pr\u00e9sent R\u00e8glement d&rsquo;acc\u00e8s et d&rsquo;utilisation est express\u00e9ment interdite, TABERNA CALDERERIA S.L. se r\u00e9servant toutes les actions l\u00e9gales qui, le cas \u00e9ch\u00e9ant, pourraient lui \u00eatre accord\u00e9es pour d\u00e9terminer les responsabilit\u00e9s correspondantes qui auraient d\u00e9coul\u00e9 de l&rsquo;utilisation non conforme au pr\u00e9sent R\u00e8glement.<\/p><h3>3.- DROITS ET OBLIGATIONS DE www.eltabernillas.es.<\/h3><p>L&rsquo;utilisation que les Utilisateurs peuvent faire des informations qui leur sont fournies \u00e0 travers latasquita.es se fera aux risques et p\u00e9rils de l&rsquo;Utilisateur. TABERNA CALDERERIA S.L., ne garantit pas l&rsquo;opportunit\u00e9 ou la pertinence des informations fournies pour la destination que les Utilisateurs ou toute autre personne en font. <\/p><p>TABERNA CALDERERIA S.L., pourra modifier de mani\u00e8re unilat\u00e9rale, \u00e0 tout moment qu&rsquo;elle jugera opportun, la configuration et\/ou le contenu de eltabernillas.es et son r\u00e8glement, en s&rsquo;effor\u00e7ant d&rsquo;informer l&rsquo;Utilisateur de cette modification \u00e0 travers son annonce sur eltabernillas.es<\/p><p>En cas d&rsquo;op\u00e9rations de maintenance, de r\u00e9paration, de mise \u00e0 jour ou d&rsquo;am\u00e9lioration de eltabernillas.es, TABERNA CALDERERIA S.L., pourra suspendre temporairement et sans n\u00e9cessit\u00e9 de pr\u00e9avis l&rsquo;accessibilit\u00e9 \u00e0 latasquita.es, sans pr\u00e9judice de quoi elle s&rsquo;efforcera de le porter \u00e0 la connaissance des Utilisateurs, chaque fois que les circonstances le permettront.<\/p><h3>4.- DROITS ET OBLIGATIONS DE L&rsquo;UTILISATEUR.<\/h3><p>\u00c0 tout moment, l&rsquo;Utilisateur doit faire un usage licite de latasquita.es conform\u00e9ment \u00e0 la l\u00e9gislation en vigueur, en respectant les droits de propri\u00e9t\u00e9 intellectuelle et industrielle de TABERNA CALDERERIA S.L. et\/ou de tiers.<br>L&rsquo;Utilisateur ne r\u00e9alisera aucune action qui cause des dommages ou des alt\u00e9rations des contenus, ni n&rsquo;entravera le bon fonctionnement de latasquita.es, ne causera pas de probl\u00e8mes techniques d&rsquo;aucune sorte, ni ne transf\u00e9rera d&rsquo;\u00e9l\u00e9ments susceptibles de porter des virus informatiques ou d&rsquo;endommager, d&rsquo;interf\u00e9rer ou d&rsquo;intercepter totalement ou partiellement eltabernillas.es <\/p><p>V. se r\u00e9serve le droit d&rsquo;exercer toutes les actions qui, le cas \u00e9ch\u00e9ant, pourraient lui \u00eatre accord\u00e9es pour poursuivre les utilisations de latasquita.es contraires \u00e0 la r\u00e9glementation en vigueur et\/ou qui causent tout type de dommage et\/ou de pr\u00e9judice \u00e0 TABERNA CALDERERIA S.L., et\/ou \u00e0 ses collaborateurs et\/ou \u00e0 des tiers.<\/p><h3>5.- GARANTIES ET RESPONSABILIT\u00c9 POUR LE FONCTIONNEMENT DE www.eltabernillas.es<\/h3><p>TABERNA CALDERERIA S.L., ne garantit pas la disponibilit\u00e9 et la continuit\u00e9 du fonctionnement de latasquita.es et de ses services. Dans tous les cas, TABERNA CALDERERIA S.L., fera de son mieux pour maintenir la disponibilit\u00e9 continue de latasquita.es<\/p><p>TABERNA CALDERERIA S.L., ne contr\u00f4le ni ne garantit l&rsquo;absence de virus ni d&rsquo;autres \u00e9l\u00e9ments dans les contenus de latasquita.es qui pourraient produire des alt\u00e9rations dans le syst\u00e8me informatique (software et hardware) de l&rsquo;Utilisateur ou dans les documents \u00e9lectroniques et fichiers stock\u00e9s dans son syst\u00e8me informatique. TABERNA CALDERERIA S.L.,. se d\u00e9gage de toute responsabilit\u00e9 pour les dommages et pr\u00e9judices de toute nature qui pourraient \u00eatre dus \u00e0 la pr\u00e9sence de virus dans les contenus qui pourraient produire des alt\u00e9rations dans le syst\u00e8me informatique, les documents \u00e9lectroniques, les fichiers, etc.<\/p><p>TABERNA CALDERERIA S.L. n&rsquo;a aucune obligation et ne contr\u00f4le pas l&rsquo;utilisation que les Utilisateurs font de eltabernillas.es. L&rsquo;Utilisateur accepte que latasquita.es a \u00e9t\u00e9 cr\u00e9\u00e9 et d\u00e9velopp\u00e9 de bonne foi par TABERNA CALDERERIA S.L., avec des informations provenant de sources internes et externes et l&rsquo;offre dans son \u00e9tat actuel aux Utilisateurs, pouvant contenir des impr\u00e9cisions ou des erreurs. Par cons\u00e9quent, TABERNA CALDERERIA S.L., n&rsquo;est pas responsable du manque d&rsquo;utilit\u00e9 ou de la fausse attente que eltabernillas.es pourrait produire \u00e0 l&rsquo;Utilisateur pendant la navigation sur latasquita.es  <\/p><h3>6.- PROPRI\u00c9T\u00c9 INTELLECTUELLE.<\/h3><p>Tous les droits de Propri\u00e9t\u00e9 Intellectuelle sur le design et le contenu de eltabernillas.es appartiennent \u00e0 TABERNA CALDERERIA S.L.<\/p><p>Les marques, logos et autres signes distinctifs reproduits sur eltabernillas.es, soit sont la propri\u00e9t\u00e9 de TABERNA CALDERERIA S.L., soit sont autoris\u00e9s \u00e0 \u00eatre inclus sur eltabernillas.es. L&rsquo;Utilisateur est uniquement autoris\u00e9 \u00e0 la visualisation et au chargement pour son usage personnel et non commercial et ne peut pas copier, modifier, distribuer, transmettre, reproduire, publier, c\u00e9der, vendre aucun des \u00e9l\u00e9ments mentionn\u00e9s pr\u00e9c\u00e9demment ni cr\u00e9er de nouveaux produits ou services d\u00e9riv\u00e9s de l&rsquo;information obtenue.<\/p><p>TABERNA CALDERERIA S.L., poursuivra toute infraction de ses droits de Propri\u00e9t\u00e9 Intellectuelle et Industrielle et, \u00e0 cet effet, se r\u00e9serve l&rsquo;exercice de toute action l\u00e9gale, qui pourrait lui correspondre, y compris l&rsquo;action indemnitaire, pour d\u00e9terminer les responsabilit\u00e9s dans lesquelles l&rsquo;infracteur aurait encouru.<\/p><h3>7.- POLITIQUE DE CONFIDENTIALIT\u00c9.<\/h3><p>L&rsquo;information sur le respect de la r\u00e9glementation de Protection des Donn\u00e9es Personnelles par TABERNA CALDERERIA S.L., se trouve d\u00e9taill\u00e9e dans notre Politique de Confidentialit\u00e9.<\/p><h3>8.- VINCULES OU LIENS HYPERTEXTUELS.<\/h3><p>Aucun lien vers eltabernillas.es ne pourra \u00eatre \u00e9tabli depuis un autre site Web sans le consentement pr\u00e9alable et expr\u00e8s de TABERNA CALDERERIA S.L. Dans le cas o\u00f9 latasquita.es contiendrait des liens avec d&rsquo;autres portails ou sites Web non g\u00e9r\u00e9s par TABERNA CALDERERIA S.L., cette soci\u00e9t\u00e9 manifeste qu&rsquo;elle n&rsquo;exerce aucun contr\u00f4le sur lesdits portails ou sites WEB, ni n&rsquo;est responsable du contenu de ceux-ci. Les liens inclus par TABERNA CALDERERIA S.L. dans latasquita.es seront offerts, uniquement, \u00e0 titre de r\u00e9f\u00e9rences informatives, sans aucun type d&rsquo;\u00e9valuation ni de responsabilit\u00e9 sur les contenus, propri\u00e9taires, services ou produits offerts depuis ceux-ci. En aucun cas TABERNA CALDERERIA S.L., ne r\u00e9pondra des dommages caus\u00e9s par les services pr\u00eat\u00e9s par des tiers.<\/p><h3>9.- LOI APPLICABLE ET JURIDICTION.<\/h3><p>Le pr\u00e9sent R\u00e8glement d&rsquo;utilisation et de navigation est r\u00e9gi par la l\u00e9gislation espagnole. Pour tout litige d\u00e9coulant de l&rsquo;existence ou du contenu du pr\u00e9sent R\u00e8glement ou des relations entre l&rsquo;Utilisateur et TABERNA CALDERERIA S.L., les deux parties, renon\u00e7ant express\u00e9ment \u00e0 toute autre juridiction qui pourrait leur correspondre, se soumettent \u00e0 la juridiction et \u00e0 la comp\u00e9tence exclusive des Juges et Tribunaux de M\u00e1laga. <\/p><\/div><\/div><\/div><\/div><\/div><\/section><\/div><\/div><footer id=\"colophon\" class=\"site-footer \"><div class=\"elementor elementor-405 elementor-motion-effects-parent\" data-elementor-type=\"jet_footer\" data-elementor-id=\"405\" data-elementor-post-type=\"jet-theme-core\"><section class=\"elementor-section elementor-top-section elementor-element elementor-element-acbf59d elementor-section-full_width elementor-section-height-default elementor-section-height-default\" data-id=\"acbf59d\" data-element_type=\"section\" data-settings=\"{\"jet_parallax_layout_list\":[]}\"><div class=\"elementor-container elementor-column-gap-default\"><div class=\"elementor-column elementor-col-100 elementor-top-column elementor-element elementor-element-9b9161b\" data-id=\"9b9161b\" data-element_type=\"column\"><div class=\"elementor-widget-wrap elementor-element-populated\"><div class=\"elementor-element elementor-element-0dec6dd elementor-widget elementor-widget-image\" data-id=\"0dec6dd\" data-element_type=\"widget\" data-widget_type=\"image.default\"> <\/div><\/div><\/div><\/div><\/section><\/div><\/footer>\t\t\t\t\t\t\t\t<\/div>\n\t\t\t\t\t<\/div>\n\t\t\t\t<\/div>\n\t\t\t\t<\/div>\n\t\t","protected":false},"excerpt":{"rendered":"<p>1.- ENTREPRISE TITULAIRE DU PR\u00c9SENT SITE WEB Le pr\u00e9sent site Web eltabernillas.es est la propri\u00e9t\u00e9 de TABERNA CALDERERIA S.L., domicili\u00e9e \u00e0 C\/ Calderer\u00eda, n\u00ba7, bajo, titulaire du NIF B22440853, inscrite au Registre du Commerce de Madrid. 2.- QUESTIONS G\u00c9N\u00c9RALES. L&rsquo;acc\u00e8s \u00e0 eltabernillas.es est conditionn\u00e9 \u00e0 la lecture du pr\u00e9sent R\u00e8glement d&rsquo;acc\u00e8s et d&rsquo;utilisation et des [&hellip;]<\/p>\n","protected":false},"author":2,"featured_media":0,"parent":0,"menu_order":0,"comment_status":"closed","ping_status":"closed","template":"","meta":{"footnotes":""},"class_list":["post-1711","page","type-page","status-publish","hentry"],"_links":{"self":[{"href":"https:\/\/latabernilla.es\/fr\/wp-json\/wp\/v2\/pages\/1711","targetHints":{"allow":["GET"]}}],"collection":[{"href":"https:\/\/latabernilla.es\/fr\/wp-json\/wp\/v2\/pages"}],"about":[{"href":"https:\/\/latabernilla.es\/fr\/wp-json\/wp\/v2\/types\/page"}],"author":[{"embeddable":true,"href":"https:\/\/latabernilla.es\/fr\/wp-json\/wp\/v2\/users\/2"}],"replies":[{"embeddable":true,"href":"https:\/\/latabernilla.es\/fr\/wp-json\/wp\/v2\/comments?post=1711"}],"version-history":[{"count":1,"href":"https:\/\/latabernilla.es\/fr\/wp-json\/wp\/v2\/pages\/1711\/revisions"}],"predecessor-version":[{"id":1712,"href":"https:\/\/latabernilla.es\/fr\/wp-json\/wp\/v2\/pages\/1711\/revisions\/1712"}],"wp:attachment":[{"href":"https:\/\/latabernilla.es\/fr\/wp-json\/wp\/v2\/media?parent=1711"}],"curies":[{"name":"wp","href":"https:\/\/api.w.org\/{rel}","templated":true}]}}