{"id":1706,"date":"2025-11-06T09:08:37","date_gmt":"2025-11-06T09:08:37","guid":{"rendered":"https:\/\/latabernilla.es\/note-legali\/"},"modified":"2025-11-06T09:21:46","modified_gmt":"2025-11-06T09:21:46","slug":"note-legali","status":"publish","type":"page","link":"https:\/\/latabernilla.es\/it\/note-legali\/","title":{"rendered":"Note legali"},"content":{"rendered":"\t\t<div data-elementor-type=\"wp-page\" data-elementor-id=\"1706\" class=\"elementor elementor-1706 elementor-1697\" data-elementor-post-type=\"page\">\n\t\t\t\t<div class=\"elementor-element elementor-element-6398ff8 e-flex e-con-boxed e-con e-parent\" data-id=\"6398ff8\" data-element_type=\"container\" data-e-type=\"container\">\n\t\t\t\t\t<div class=\"e-con-inner\">\n\t\t\t\t<div class=\"elementor-element elementor-element-32e35c7 elementor-widget elementor-widget-text-editor\" data-id=\"32e35c7\" data-element_type=\"widget\" data-e-type=\"widget\" data-widget_type=\"text-editor.default\">\n\t\t\t\t\t\t\t\t\t<div id=\"content\" class=\"site-content \"><div class=\"elementor elementor-3992\" data-elementor-type=\"wp-page\" data-elementor-id=\"3992\" data-elementor-post-type=\"page\"><section class=\"elementor-section elementor-top-section elementor-element elementor-element-f7c78a0 elementor-section-boxed elementor-section-height-default elementor-section-height-default\" data-id=\"f7c78a0\" data-element_type=\"section\" data-settings=\"{\"jet_parallax_layout_list\":[]}\"><div class=\"elementor-container elementor-column-gap-default\"><div class=\"elementor-column elementor-col-100 elementor-top-column elementor-element elementor-element-0914c2a\" data-id=\"0914c2a\" data-element_type=\"column\"><div class=\"elementor-widget-wrap elementor-element-populated\"><div class=\"elementor-element elementor-element-62e9fb1 elementor-widget elementor-widget-text-editor\" data-id=\"62e9fb1\" data-element_type=\"widget\" data-widget_type=\"text-editor.default\"><div class=\"elementor-widget-container\"><h3>1.- AZIENDA TITOLARE DEL PRESENTE SITO WEB<\/h3><p>Il presente sito Web eltabernillas.es \u00e8 di propriet\u00e0 di TABERNA CALDERERIA S.L., con sede legale in C\/ Calderer\u00eda, n\u00ba7, bajo, provvista di NIF B22440853, iscritta al Registro delle Imprese di Madrid.<\/p><h3>2.- QUESTIONI GENERALI.<\/h3><p>L&#8217;accesso a eltabernillas.es \u00e8 subordinato alla lettura del presente Regolamento di accesso e utilizzo e delle altre menzioni e avvisi legali contenuti nel presente sito Web.<\/p><p>Si intende per Utente di eltabernillas.es qualsiasi persona che acceda al contenuto di eltabernillas.es<\/p><p>L&#8217;accesso e il successivo utilizzo del presente sito Web da parte dell&#8217;Utente implicher\u00e0 la sua conformit\u00e0 in forma espressa, piena e senza riserve, con la totalit\u00e0 del suo contenuto. Se l&#8217;Utente non fosse d&#8217;accordo con il contenuto del presente Regolamento di navigazione e utilizzo dovr\u00e0 abbandonare eltabernillas.es <\/p><p>L&#8217;accesso a eltabernillas.es \u00e8 gratuito e la sua visualizzazione non richiede previa sottoscrizione o registrazione alcuna.<\/p><p>Il presente Avviso Legale \u00e8 vincolante per qualsiasi utente di eltabernillas.es Qualsiasi utilizzo di eltabernillas.es non soggetto a quanto disposto nel presente Regolamento di accesso e utilizzo \u00e8 espressamente proibito, riservandosi TABERNA CALDERERIA S.L..,. tutte le azioni legali che, nel suo caso, potessero assisterla per depurare le corrispondenti responsabilit\u00e0 che si fossero derivate dall&#8217;uso non conforme al presente Regolamento.<\/p><h3>3.- DIRITTI E OBBLIGHI DI www.eltabernillas.es.<\/h3><p>L&#8217;uso che gli Utenti possano realizzare delle informazioni fornite agli stessi attraverso latasquita.es sar\u00e0 per conto e rischio dell&#8217;Utente. TABERNA CALDERERIA S.L., non garantisce l&#8217;opportunit\u00e0 o convenienza delle informazioni fornite per il destino che gli Utenti o qualsiasi altra persona facciano delle stesse. <\/p><p>TABERNA CALDERERIA S.L., potr\u00e0 modificare in modo unilaterale, in qualsiasi momento che ritenga opportuno la configurazione e\/o contenuto di eltabernillas.es e il suo regolamento, procurando di informare l&#8217;Utente di detto cambio attraverso il suo annuncio in eltabernillas.es<\/p><p>In caso di effettuare operazioni di manutenzione, riparazione, aggiornamento o miglioramento di eltabernillas.es, TABERNA CALDERERIA S.L., potr\u00e0 sospendere temporaneamente e senza necessit\u00e0 di preavviso l&#8217;accessibilit\u00e0 a latasquita.es, senza pregiudizio di ci\u00f2 procurer\u00e0 di metterlo a conoscenza degli Utenti, sempre che le circostanze lo permettano.<\/p><h3>4.- DIRITTI E OBBLIGHI DELL&#8217;UTENTE.<\/h3><p>In ogni momento, l&#8217;Utente deve realizzare un uso lecito di latasquita.es in accordo con la legalit\u00e0 vigente, rispettando i diritti di propriet\u00e0 intellettuale e industriale di TABERNA CALDERERIA S.L.. e\/o di terzi.<br>L&#8217;Utente non realizzer\u00e0 nessuna azione che causi danno o alterazioni dei contenuti, n\u00e9 ostacoler\u00e0 il buon funzionamento di latasquita.es, non causer\u00e0 problemi tecnici di nessuna indole, n\u00e9 trasferir\u00e0 elementi suscettibili di portare virus informatici o di danneggiare, interferire o intercettare total o parzialmente eltabernillas.es <\/p><p>V. si riserva il diritto a esercitare tutte le azioni che, nel suo caso, le potessero assistere per perseguire gli usi di latasquita.es contrari alla normativa vigente e\/o che causino qualsiasi tipo di danno e\/o pregiudizio a TABERNA CALDERERIA S.L..,. e\/o ai suoi collaboratori e\/o a terzi.<\/p><h3>5.- GARANZIE E RESPONSABILIT\u00c0 PER IL FUNZIONAMENTO DI www.eltabernillas.es<\/h3><p>TABERNA CALDERERIA S.L.., non garantisce la disponibilit\u00e0 e continuit\u00e0 del funzionamento di latasquita.es e dei suoi servizi. In qualsiasi caso, TABERNA CALDERERIA S.L., realizzer\u00e0 i suoi migliori sforzi al fine di mantenere la disponibilit\u00e0 continuata di latasquita.es<\/p><p>TABERNA CALDERERIA S.L.., non controlla n\u00e9 garantisce l&#8217;assenza di virus n\u00e9 di altri elementi nei contenuti di latasquita.es che possano produrre alterazioni nel sistema informatico (software e hardware) dell&#8217;Utente o nei documenti elettronici e file immagazzinati nel suo sistema informatico. TABERNA CALDERERIA S.L.,. si esime da qualsiasi responsabilit\u00e0 per i danni e pregiudizi di tutta natura che possano doversi alla presenza di virus nei contenuti che possano produrre alterazioni nel sistema informatico, documenti elettronici, file ecc.<\/p><p>TABERNA CALDERERIA S.L. non ha obbligo e non controlla l&#8217;utilizzazione che gli Utenti fanno di eltabernillas.es. L&#8217;Utente accetta che latasquita.es \u00e8 stato creato e sviluppato in buona fede da TABERNA CALDERERIA S.L., con informazioni procedenti da fonti interne ed esterne e lo offre nel suo stato attuale agli Utenti, potendo contenere imprecisioni o errori di battitura. Perci\u00f2, TABERNA CALDERERIA S.L., non \u00e8 responsabile della mancanza dell&#8217;utilit\u00e0 o falsa aspettativa che eltabernillas.es potesse produrre all&#8217;Utente durante la navigazione per latasquita.es  <\/p><h3>6.- PROPRIET\u00c0 INTELLETTUALE.<\/h3><p>Tutti i diritti di Propriet\u00e0 Intellettuale sul design e contenuto di eltabernillas.es appartengono a TABERNA CALDERERIA S.L.<\/p><p>Le marche, loghi e altri segni distintivi riprodotti in eltabernillas.es, o sono di propriet\u00e0 di TABERNA CALDERERIA S.L..,. o \u00e8 autorizzato alla sua inclusione in eltabernillas.es. L&#8217;Utente \u00e8 solo autorizzato per la visualizzazione e carica per il suo uso personale e non commerciale e non pu\u00f2 copiare, modificare, distribuire, trasmettere, riprodurre, pubblicare, cedere, vendere nessuno degli elementi anteriormente menzionati n\u00e9 creare nuovi prodotti o servizi derivati dalle informazioni ottenute.<\/p><p>TABERNA CALDERERIA S.L., perseguir\u00e0 qualsiasi infrazione dei suoi diritti di Propriet\u00e0 Intellettuale e Industriale e, a tal effetto, si riserva l&#8217;esercizio di qualsiasi azione legale, che potesse corrisponderle, inclusa l&#8217;azione indennizzatoria, per depurare le responsabilit\u00e0 nelle quali l&#8217;infrattore sia incorso.<\/p><h3>7.- POLITICA SULLA PRIVACY.<\/h3><p>Le informazioni sul compimento della normativa di Protezione dei Dati Personali da parte di TABERNA CALDERERIA S.L., si trovano dettagliate nella nostra Politica sulla Privacy.<\/p><h3>8.- VINCOLI O COLLEGAMENTI IPERTESTUALI.<\/h3><p>Non si potr\u00e0 stabilire nessun vincolo a eltabernillas.es da qualsiasi altro sito Web senza il previo ed espresso consenso di TABERNA CALDERERIA S.L. Nel caso in cui latasquita.es contenesse vincoli o collegamenti con altri portali o siti Web non gestiti da TABERNA CALDERERIA S.L., questa societ\u00e0 manifesta che non esercita controllo alcuno sopra detti portali o siti WEB, n\u00e9 \u00e8 responsabile del contenuto degli stessi. I link inclusi da TABERNA CALDERERIA S.L. in latasquita.es si offriranno, unicamente, a modo di riferimenti informativi, senza nessun tipo di valutazione n\u00e9 responsabilit\u00e0 sopra i contenuti, proprietari, servizi o prodotti offerti dagli stessi. In nessun caso TABERNA CALDERERIA S.L.., risponder\u00e0 dei danni causati dai servizi prestati da terzi.<\/p><h3>9.- LEGGE APPLICABILE E GIURISDIZIONE.<\/h3><p>Il presente Regolamento di uso e navigazione si regge sulla legislazione spagnola. Per qualsiasi litigio derivato dall&#8217;esistenza o contenuto del presente Regolamento o delle relazioni tra l&#8217;Utente e TABERNA CALDERERIA S.L., entrambe le parti, con rinuncia espressa a qualsiasi altro foro che potesse corrisponderle, si sottomettono alla giurisdizione e competenza esclusiva dei Giudicati e Tribunali di Malaga. <\/p><\/div><\/div><\/div><\/div><\/div><\/section><\/div><\/div><footer id=\"colophon\" class=\"site-footer \"><div class=\"elementor elementor-405 elementor-motion-effects-parent\" data-elementor-type=\"jet_footer\" data-elementor-id=\"405\" data-elementor-post-type=\"jet-theme-core\"><section class=\"elementor-section elementor-top-section elementor-element elementor-element-acbf59d elementor-section-full_width elementor-section-height-default elementor-section-height-default\" data-id=\"acbf59d\" data-element_type=\"section\" data-settings=\"{\"jet_parallax_layout_list\":[]}\"><div class=\"elementor-container elementor-column-gap-default\"><div class=\"elementor-column elementor-col-100 elementor-top-column elementor-element elementor-element-9b9161b\" data-id=\"9b9161b\" data-element_type=\"column\"><div class=\"elementor-widget-wrap elementor-element-populated\"><div class=\"elementor-element elementor-element-0dec6dd elementor-widget elementor-widget-image\" data-id=\"0dec6dd\" data-element_type=\"widget\" data-widget_type=\"image.default\"> <\/div><\/div><\/div><\/div><\/section><\/div><\/footer>\t\t\t\t\t\t\t\t<\/div>\n\t\t\t\t\t<\/div>\n\t\t\t\t<\/div>\n\t\t\t\t<\/div>\n\t\t","protected":false},"excerpt":{"rendered":"<p>1.- AZIENDA TITOLARE DEL PRESENTE SITO WEB Il presente sito Web eltabernillas.es \u00e8 di propriet\u00e0 di TABERNA CALDERERIA S.L., con sede legale in C\/ Calderer\u00eda, n\u00ba7, bajo, provvista di NIF B22440853, iscritta al Registro delle Imprese di Madrid. 2.- QUESTIONI GENERALI. L&#8217;accesso a eltabernillas.es \u00e8 subordinato alla lettura del presente Regolamento di accesso e utilizzo [&hellip;]<\/p>\n","protected":false},"author":2,"featured_media":0,"parent":0,"menu_order":0,"comment_status":"closed","ping_status":"closed","template":"","meta":{"footnotes":""},"class_list":["post-1706","page","type-page","status-publish","hentry"],"_links":{"self":[{"href":"https:\/\/latabernilla.es\/it\/wp-json\/wp\/v2\/pages\/1706","targetHints":{"allow":["GET"]}}],"collection":[{"href":"https:\/\/latabernilla.es\/it\/wp-json\/wp\/v2\/pages"}],"about":[{"href":"https:\/\/latabernilla.es\/it\/wp-json\/wp\/v2\/types\/page"}],"author":[{"embeddable":true,"href":"https:\/\/latabernilla.es\/it\/wp-json\/wp\/v2\/users\/2"}],"replies":[{"embeddable":true,"href":"https:\/\/latabernilla.es\/it\/wp-json\/wp\/v2\/comments?post=1706"}],"version-history":[{"count":1,"href":"https:\/\/latabernilla.es\/it\/wp-json\/wp\/v2\/pages\/1706\/revisions"}],"predecessor-version":[{"id":1708,"href":"https:\/\/latabernilla.es\/it\/wp-json\/wp\/v2\/pages\/1706\/revisions\/1708"}],"wp:attachment":[{"href":"https:\/\/latabernilla.es\/it\/wp-json\/wp\/v2\/media?parent=1706"}],"curies":[{"name":"wp","href":"https:\/\/api.w.org\/{rel}","templated":true}]}}